{"id":14,"date":"2020-03-13T10:31:48","date_gmt":"2020-03-13T09:31:48","guid":{"rendered":"http:\/\/zdcimelice.cz\/?page_id=14"},"modified":"2020-03-13T10:36:06","modified_gmt":"2020-03-13T09:36:06","slug":"uvodni-stranka","status":"publish","type":"page","link":"https:\/\/zdcimelice.cz\/","title":{"rendered":"\u00davodn\u00ed str\u00e1nka"},"content":{"rendered":"\n<div class=\"wp-block-image\"><figure class=\"alignright size-large is-resized\"><img loading=\"lazy\" decoding=\"async\" src=\"http:\/\/zdcimelice.cz\/wp-content\/uploads\/2020\/03\/1-1024x768.jpg\" alt=\"\" class=\"wp-image-18\" width=\"282\" height=\"210\"\/><\/figure><\/div>\n\n\n\n<p class=\"has-text-align-left\">V\u00edt\u00e1me V\u00e1s na str\u00e1nk\u00e1ch na\u0161eho zem\u011bd\u011blsk\u00e9ho dru\u017estva. Zab\u00fdv\u00e1me se zem\u011bd\u011blskou \u010dinnost\u00ed,\u00a0 hlavn\u00edm  odv\u011btv\u00edm je  rostlinn\u00e1  a  \u017eivo\u010di\u0161n\u00e1 v\u00fdroba . Hospoda\u0159\u00edme na 1039 ha p\u016fdy, z toho je  896 ha orn\u00e9 p\u016fdy a 143 ha travn\u00ed porosty. Obhospoda\u0159ovan\u00e9 pozemky se nach\u00e1z\u00ed v katastrech Rakovice, \u010cimelice, Krsice, Boudy, Smetanova Lhota, Lazi\u0161t\u011b a Nerestce, v nadmo\u0159sk\u00e9 v\u00fd\u0161ce od 300- 600 m.n.m. <\/p>\n\n\n\n<p><\/p>\n\n\n\n<p>Zem\u011bd\u011blsk\u00e9 dru\u017estvo \u010cimelice vzniklo 29.ledna 1991 delimitac\u00ed Zem\u011bd\u011blsk\u00e9ho dru\u017estva \u010cimelice na t\u0159i nov\u00e1 zem\u011bd\u011blsk\u00e1 dru\u017estva \u010cimelice, Smetanova Lhota a Ostrovce.<\/p>\n","protected":false},"excerpt":{"rendered":"<p>V\u00edt\u00e1me V\u00e1s na str\u00e1nk\u00e1ch na\u0161eho zem\u011bd\u011blsk\u00e9ho dru\u017estva. Zab\u00fdv\u00e1me se zem\u011bd\u011blskou \u010dinnost\u00ed,\u00a0 hlavn\u00edm odv\u011btv\u00edm je rostlinn\u00e1 a \u017eivo\u010di\u0161n\u00e1 v\u00fdroba . Hospoda\u0159\u00edme na 1039 ha p\u016fdy, z toho je 896 ha orn\u00e9 p\u016fdy a 143 ha travn\u00ed porosty. Obhospoda\u0159ovan\u00e9 pozemky se nach\u00e1z\u00ed v katastrech Rakovice, \u010cimelice, Krsice, Boudy, Smetanova Lhota, Lazi\u0161t\u011b a Nerestce, v nadmo\u0159sk\u00e9 v\u00fd\u0161ce od [&hellip;]<\/p>\n","protected":false},"author":1,"featured_media":0,"parent":0,"menu_order":0,"comment_status":"closed","ping_status":"closed","template":"","meta":{"footnotes":""},"class_list":["post-14","page","type-page","status-publish","hentry"],"_links":{"self":[{"href":"https:\/\/zdcimelice.cz\/index.php?rest_route=\/wp\/v2\/pages\/14","targetHints":{"allow":["GET"]}}],"collection":[{"href":"https:\/\/zdcimelice.cz\/index.php?rest_route=\/wp\/v2\/pages"}],"about":[{"href":"https:\/\/zdcimelice.cz\/index.php?rest_route=\/wp\/v2\/types\/page"}],"author":[{"embeddable":true,"href":"https:\/\/zdcimelice.cz\/index.php?rest_route=\/wp\/v2\/users\/1"}],"replies":[{"embeddable":true,"href":"https:\/\/zdcimelice.cz\/index.php?rest_route=%2Fwp%2Fv2%2Fcomments&post=14"}],"version-history":[{"count":3,"href":"https:\/\/zdcimelice.cz\/index.php?rest_route=\/wp\/v2\/pages\/14\/revisions"}],"predecessor-version":[{"id":20,"href":"https:\/\/zdcimelice.cz\/index.php?rest_route=\/wp\/v2\/pages\/14\/revisions\/20"}],"wp:attachment":[{"href":"https:\/\/zdcimelice.cz\/index.php?rest_route=%2Fwp%2Fv2%2Fmedia&parent=14"}],"curies":[{"name":"wp","href":"https:\/\/api.w.org\/{rel}","templated":true}]}}