{"id":24,"date":"2020-03-13T10:41:40","date_gmt":"2020-03-13T09:41:40","guid":{"rendered":"http:\/\/zdcimelice.cz\/?page_id=24"},"modified":"2020-03-13T10:41:49","modified_gmt":"2020-03-13T09:41:49","slug":"rostlinna-vyroba","status":"publish","type":"page","link":"https:\/\/zdcimelice.cz\/?page_id=24","title":{"rendered":"Rostlinn\u00e1 v\u00fdroba"},"content":{"rendered":"\n<p><strong>Z\u00e1kladn\u00ed \u00fadaje o p\u011bstovan\u00fdch plodin\u00e1ch a osevn\u00edch ploch\u00e1ch:<\/strong><\/p>\n\n\n\n<ul class=\"wp-block-list\"><li>P\u0161enice ozim\u00e1                                       325 ha<\/li><li>P\u0161enice jarn\u00ed                                           25 ha<\/li><li>Je\u010dmen ozim\u00fd                                       103 ha<\/li><li>Je\u010dmen jarn\u00ed                                            10 ha<\/li><li>Oves                                                        72 ha<\/li><li>Tritikale                                                   15 ha<\/li><li>\u0158epka                                                     197 ha<\/li><li>Kuku\u0159ice na sil\u00e1\u017e                                    140 ha<\/li><\/ul>\n\n\n\n<p><strong>Hlavn\u00ed mechanizace pou\u017e\u00edvan\u00e1 v rostlinn\u00e9 v\u00fdrob\u011b:<\/strong><\/p>\n\n\n\n<ul class=\"wp-block-list\"><li>Traktory: John Deere  8120,  8230,  6230,  6930 a  7530<\/li><li>Sen\u00e1\u017en\u00ed vozy:  Fliegl  ASW 261, Fliegl ASW 268 <\/li><li>Sec\u00ed kombinace: KUHN Moduliner HR 6004 ML <\/li><li>Skl\u00edzec\u00ed ml\u00e1ti\u010dky: John Deere 2064, John Deere T660 <\/li><li>Teleskopick\u00fd manipul\u00e1tor: Manitou MLT 845 <\/li><li>Svinovac\u00ed lis: John Deere 990 <\/li><\/ul>\n\n\n\n<div class=\"wp-block-columns is-layout-flex wp-container-core-columns-is-layout-9d6595d7 wp-block-columns-is-layout-flex\">\n<div class=\"wp-block-column is-layout-flow wp-block-column-is-layout-flow\">\n<figure class=\"wp-block-image size-thumbnail\"><img loading=\"lazy\" decoding=\"async\" width=\"150\" height=\"150\" src=\"http:\/\/zdcimelice.cz\/wp-content\/uploads\/2020\/03\/1-150x150.jpg\" alt=\"\" class=\"wp-image-18\"\/><\/figure>\n<\/div>\n\n\n\n<div class=\"wp-block-column is-layout-flow wp-block-column-is-layout-flow\">\n<figure class=\"wp-block-image size-thumbnail\"><img loading=\"lazy\" decoding=\"async\" width=\"150\" height=\"150\" src=\"http:\/\/zdcimelice.cz\/wp-content\/uploads\/2020\/03\/2-150x150.jpg\" alt=\"\" class=\"wp-image-25\"\/><\/figure>\n<\/div>\n\n\n\n<div class=\"wp-block-column is-layout-flow wp-block-column-is-layout-flow\">\n<figure class=\"wp-block-image size-thumbnail\"><img loading=\"lazy\" decoding=\"async\" width=\"150\" height=\"150\" src=\"http:\/\/zdcimelice.cz\/wp-content\/uploads\/2020\/03\/3-150x150.jpg\" alt=\"\" class=\"wp-image-26\"\/><\/figure>\n<\/div>\n<\/div>\n","protected":false},"excerpt":{"rendered":"<p>Z\u00e1kladn\u00ed \u00fadaje o p\u011bstovan\u00fdch plodin\u00e1ch a osevn\u00edch ploch\u00e1ch: P\u0161enice ozim\u00e1 325 ha P\u0161enice jarn\u00ed 25 ha Je\u010dmen ozim\u00fd 103 ha Je\u010dmen jarn\u00ed 10 ha Oves 72 ha Tritikale 15 ha \u0158epka 197 ha Kuku\u0159ice na sil\u00e1\u017e 140 ha Hlavn\u00ed mechanizace pou\u017e\u00edvan\u00e1 v rostlinn\u00e9 v\u00fdrob\u011b: Traktory: John Deere 8120, 8230, 6230, 6930 a 7530 Sen\u00e1\u017en\u00ed vozy: [&hellip;]<\/p>\n","protected":false},"author":1,"featured_media":0,"parent":0,"menu_order":0,"comment_status":"closed","ping_status":"closed","template":"","meta":{"footnotes":""},"class_list":["post-24","page","type-page","status-publish","hentry"],"_links":{"self":[{"href":"https:\/\/zdcimelice.cz\/index.php?rest_route=\/wp\/v2\/pages\/24","targetHints":{"allow":["GET"]}}],"collection":[{"href":"https:\/\/zdcimelice.cz\/index.php?rest_route=\/wp\/v2\/pages"}],"about":[{"href":"https:\/\/zdcimelice.cz\/index.php?rest_route=\/wp\/v2\/types\/page"}],"author":[{"embeddable":true,"href":"https:\/\/zdcimelice.cz\/index.php?rest_route=\/wp\/v2\/users\/1"}],"replies":[{"embeddable":true,"href":"https:\/\/zdcimelice.cz\/index.php?rest_route=%2Fwp%2Fv2%2Fcomments&post=24"}],"version-history":[{"count":2,"href":"https:\/\/zdcimelice.cz\/index.php?rest_route=\/wp\/v2\/pages\/24\/revisions"}],"predecessor-version":[{"id":28,"href":"https:\/\/zdcimelice.cz\/index.php?rest_route=\/wp\/v2\/pages\/24\/revisions\/28"}],"wp:attachment":[{"href":"https:\/\/zdcimelice.cz\/index.php?rest_route=%2Fwp%2Fv2%2Fmedia&parent=24"}],"curies":[{"name":"wp","href":"https:\/\/api.w.org\/{rel}","templated":true}]}}