{"id":29,"date":"2020-03-13T10:43:13","date_gmt":"2020-03-13T09:43:13","guid":{"rendered":"http:\/\/zdcimelice.cz\/?page_id=29"},"modified":"2020-03-13T10:44:16","modified_gmt":"2020-03-13T09:44:16","slug":"zivocisna-vyroba","status":"publish","type":"page","link":"https:\/\/zdcimelice.cz\/?page_id=29","title":{"rendered":"\u017divo\u010di\u0161n\u00e1 v\u00fdroba"},"content":{"rendered":"\n<p>\u017divo\u010di\u0161n\u00e1  v\u00fdroba je zam\u011b\u0159ena na chov skotu a v\u00fdrobu ml\u00e9ka. Ml\u00e9ko prod\u00e1v\u00e1me p\u0159es Ml\u00e9ka\u0159sk\u00e9 dru\u017estvo JIH, T\u00e1bor. Chov\u00e1me \u010desk\u00e9 strakat\u00e9 plemeno. V roce 2004 prob\u011bhla rekonstrukce krav\u00edna na voln\u00e9 ust\u00e1jen\u00ed dojnic a v roce 2012  rekonstrukce krav\u00edna na voln\u00e9 ust\u00e1jen\u00ed mlad\u00e9ho dobytka.V sou\u010dasn\u00e9 dob\u011b m\u00e1me 225 ks dojnic, 35 VBJ, 180 chovn\u00fdch jalovic, 70 odstaven\u00fdch telat a 68 b\u00fdk\u016f na v\u00fdkrm.<\/p>\n\n\n\n<div class=\"wp-block-columns is-layout-flex wp-container-core-columns-is-layout-9d6595d7 wp-block-columns-is-layout-flex\">\n<div class=\"wp-block-column is-layout-flow wp-block-column-is-layout-flow\">\n<figure class=\"wp-block-image size-large\"><img loading=\"lazy\" decoding=\"async\" width=\"1024\" height=\"768\" src=\"http:\/\/zdcimelice.cz\/wp-content\/uploads\/2020\/03\/P7080518-2-1024x768.jpg\" alt=\"\" class=\"wp-image-30\" srcset=\"https:\/\/zdcimelice.cz\/wp-content\/uploads\/2020\/03\/P7080518-2-1024x768.jpg 1024w, https:\/\/zdcimelice.cz\/wp-content\/uploads\/2020\/03\/P7080518-2-300x225.jpg 300w, https:\/\/zdcimelice.cz\/wp-content\/uploads\/2020\/03\/P7080518-2-768x576.jpg 768w, https:\/\/zdcimelice.cz\/wp-content\/uploads\/2020\/03\/P7080518-2-1536x1152.jpg 1536w, https:\/\/zdcimelice.cz\/wp-content\/uploads\/2020\/03\/P7080518-2-2048x1536.jpg 2048w, https:\/\/zdcimelice.cz\/wp-content\/uploads\/2020\/03\/P7080518-2-624x468.jpg 624w\" sizes=\"auto, (max-width: 1024px) 100vw, 1024px\" \/><figcaption>OLYMPUS DIGITAL CAMERA<\/figcaption><\/figure>\n<\/div>\n\n\n\n<div class=\"wp-block-column is-layout-flow wp-block-column-is-layout-flow\">\n<figure class=\"wp-block-image size-large\"><img loading=\"lazy\" decoding=\"async\" width=\"1024\" height=\"768\" src=\"http:\/\/zdcimelice.cz\/wp-content\/uploads\/2020\/03\/P7080520-2-1024x768.jpg\" alt=\"\" class=\"wp-image-32\" srcset=\"https:\/\/zdcimelice.cz\/wp-content\/uploads\/2020\/03\/P7080520-2-1024x768.jpg 1024w, https:\/\/zdcimelice.cz\/wp-content\/uploads\/2020\/03\/P7080520-2-300x225.jpg 300w, https:\/\/zdcimelice.cz\/wp-content\/uploads\/2020\/03\/P7080520-2-768x576.jpg 768w, https:\/\/zdcimelice.cz\/wp-content\/uploads\/2020\/03\/P7080520-2-1536x1152.jpg 1536w, https:\/\/zdcimelice.cz\/wp-content\/uploads\/2020\/03\/P7080520-2-2048x1536.jpg 2048w, https:\/\/zdcimelice.cz\/wp-content\/uploads\/2020\/03\/P7080520-2-624x468.jpg 624w\" sizes=\"auto, (max-width: 1024px) 100vw, 1024px\" \/><figcaption>OLYMPUS DIGITAL CAMERA<\/figcaption><\/figure>\n<\/div>\n\n\n\n<div class=\"wp-block-column is-layout-flow wp-block-column-is-layout-flow\">\n<figure class=\"wp-block-image size-thumbnail\"><img loading=\"lazy\" decoding=\"async\" width=\"150\" height=\"150\" src=\"http:\/\/zdcimelice.cz\/wp-content\/uploads\/2020\/03\/telata-2-150x150.jpg\" alt=\"\" class=\"wp-image-33\"\/><\/figure>\n<\/div>\n<\/div>\n","protected":false},"excerpt":{"rendered":"<p>\u017divo\u010di\u0161n\u00e1 v\u00fdroba je zam\u011b\u0159ena na chov skotu a v\u00fdrobu ml\u00e9ka. Ml\u00e9ko prod\u00e1v\u00e1me p\u0159es Ml\u00e9ka\u0159sk\u00e9 dru\u017estvo JIH, T\u00e1bor. Chov\u00e1me \u010desk\u00e9 strakat\u00e9 plemeno. V roce 2004 prob\u011bhla rekonstrukce krav\u00edna na voln\u00e9 ust\u00e1jen\u00ed dojnic a v roce 2012 rekonstrukce krav\u00edna na voln\u00e9 ust\u00e1jen\u00ed mlad\u00e9ho dobytka.V sou\u010dasn\u00e9 dob\u011b m\u00e1me 225 ks dojnic, 35 VBJ, 180 chovn\u00fdch jalovic, 70 odstaven\u00fdch [&hellip;]<\/p>\n","protected":false},"author":1,"featured_media":0,"parent":0,"menu_order":0,"comment_status":"closed","ping_status":"closed","template":"","meta":{"footnotes":""},"class_list":["post-29","page","type-page","status-publish","hentry"],"_links":{"self":[{"href":"https:\/\/zdcimelice.cz\/index.php?rest_route=\/wp\/v2\/pages\/29","targetHints":{"allow":["GET"]}}],"collection":[{"href":"https:\/\/zdcimelice.cz\/index.php?rest_route=\/wp\/v2\/pages"}],"about":[{"href":"https:\/\/zdcimelice.cz\/index.php?rest_route=\/wp\/v2\/types\/page"}],"author":[{"embeddable":true,"href":"https:\/\/zdcimelice.cz\/index.php?rest_route=\/wp\/v2\/users\/1"}],"replies":[{"embeddable":true,"href":"https:\/\/zdcimelice.cz\/index.php?rest_route=%2Fwp%2Fv2%2Fcomments&post=29"}],"version-history":[{"count":2,"href":"https:\/\/zdcimelice.cz\/index.php?rest_route=\/wp\/v2\/pages\/29\/revisions"}],"predecessor-version":[{"id":34,"href":"https:\/\/zdcimelice.cz\/index.php?rest_route=\/wp\/v2\/pages\/29\/revisions\/34"}],"wp:attachment":[{"href":"https:\/\/zdcimelice.cz\/index.php?rest_route=%2Fwp%2Fv2%2Fmedia&parent=29"}],"curies":[{"name":"wp","href":"https:\/\/api.w.org\/{rel}","templated":true}]}}