{"id":37,"date":"2020-03-13T10:46:01","date_gmt":"2020-03-13T09:46:01","guid":{"rendered":"http:\/\/zdcimelice.cz\/?page_id=37"},"modified":"2025-04-07T10:12:20","modified_gmt":"2025-04-07T08:12:20","slug":"informace-clenum","status":"publish","type":"page","link":"https:\/\/zdcimelice.cz\/?page_id=37","title":{"rendered":"Informace \u010dlen\u016fm"},"content":{"rendered":"\n<p><strong>Zem\u011bd\u011blsk\u00e1 p\u016fda<\/strong><\/p>\n\n\n\n<p>Zem\u011bd\u011blsk\u00e9 dru\u017estvo \u010cimelice nakupuje zem\u011bd\u011blskou p\u016fdu \u2013 cena dohodou. M\u00e1 z\u00e1jem i o  propachtov\u00e1n\u00ed  pozemk\u016f. <\/p>\n\n\n\n<p>Informace na tel. \u010d\u00edsle 728500493 \u2013 p. Janota, 382228318 \u2013 kancel\u00e1\u0159 ZD<\/p>\n\n\n\n<div class=\"wp-block-file\"><a id=\"wp-block-file--media-c11aeba0-edbe-4130-832a-c852e7661768\" href=\"http:\/\/zdcimelice.cz\/wp-content\/uploads\/2025\/04\/Pozvanka-CS-plna-moc.pdf\">Pozv\u00e1nka \u010cS + pln\u00e1 moc<\/a><a href=\"http:\/\/zdcimelice.cz\/wp-content\/uploads\/2025\/04\/Pozvanka-CS-plna-moc.pdf\" class=\"wp-block-file__button wp-element-button\" download aria-describedby=\"wp-block-file--media-c11aeba0-edbe-4130-832a-c852e7661768\">St\u00e1hnout<\/a><\/div>\n\n\n\n<p><\/p>\n","protected":false},"excerpt":{"rendered":"<p>Zem\u011bd\u011blsk\u00e1 p\u016fda Zem\u011bd\u011blsk\u00e9 dru\u017estvo \u010cimelice nakupuje zem\u011bd\u011blskou p\u016fdu \u2013 cena dohodou. M\u00e1 z\u00e1jem i o propachtov\u00e1n\u00ed pozemk\u016f. Informace na tel. \u010d\u00edsle 728500493 \u2013 p. Janota, 382228318 \u2013 kancel\u00e1\u0159 ZD<\/p>\n","protected":false},"author":1,"featured_media":0,"parent":0,"menu_order":0,"comment_status":"closed","ping_status":"closed","template":"","meta":{"footnotes":""},"class_list":["post-37","page","type-page","status-publish","hentry"],"_links":{"self":[{"href":"https:\/\/zdcimelice.cz\/index.php?rest_route=\/wp\/v2\/pages\/37","targetHints":{"allow":["GET"]}}],"collection":[{"href":"https:\/\/zdcimelice.cz\/index.php?rest_route=\/wp\/v2\/pages"}],"about":[{"href":"https:\/\/zdcimelice.cz\/index.php?rest_route=\/wp\/v2\/types\/page"}],"author":[{"embeddable":true,"href":"https:\/\/zdcimelice.cz\/index.php?rest_route=\/wp\/v2\/users\/1"}],"replies":[{"embeddable":true,"href":"https:\/\/zdcimelice.cz\/index.php?rest_route=%2Fwp%2Fv2%2Fcomments&post=37"}],"version-history":[{"count":12,"href":"https:\/\/zdcimelice.cz\/index.php?rest_route=\/wp\/v2\/pages\/37\/revisions"}],"predecessor-version":[{"id":120,"href":"https:\/\/zdcimelice.cz\/index.php?rest_route=\/wp\/v2\/pages\/37\/revisions\/120"}],"wp:attachment":[{"href":"https:\/\/zdcimelice.cz\/index.php?rest_route=%2Fwp%2Fv2%2Fmedia&parent=37"}],"curies":[{"name":"wp","href":"https:\/\/api.w.org\/{rel}","templated":true}]}}