{"id":46,"date":"2020-03-13T10:50:18","date_gmt":"2020-03-13T09:50:18","guid":{"rendered":"http:\/\/zdcimelice.cz\/?page_id=46"},"modified":"2020-03-13T10:52:33","modified_gmt":"2020-03-13T09:52:33","slug":"kontakty","status":"publish","type":"page","link":"https:\/\/zdcimelice.cz\/?page_id=46","title":{"rendered":"Kontakty"},"content":{"rendered":"\n<h2 class=\"wp-block-heading\">Adresa:<\/h2>\n\n\n\n<p>Zem\u011bd\u011blsk\u00e9 dru\u017estvo \u010cimeliceRakovice 118398 04 \u010cimelice<\/p>\n\n\n\n<p>&nbsp;I\u010cO: 12895431<\/p>\n\n\n\n<p>DI\u010c: CZ12895431<\/p>\n\n\n\n<p><strong>Dru\u017estvo je zapsan\u00e9 v&nbsp;obchodn\u00edm rejst\u0159\u00edku veden\u00e9m Krajsk\u00fdm soudem v&nbsp;\u010cesk\u00fdch Bud\u011bjovic\u00edch, odd\u00edl DrXXXXII, vlo\u017eka 16.<\/strong><\/p>\n\n\n\n<h2 class=\"wp-block-heading\">Kontakty<\/h2>\n\n\n\n<p>E-mail:&nbsp;<a href=\"mailto:zdcimelice@volny.cz\">zdcimelice@volny.cz<\/a><\/p>\n\n\n\n<p>Web:&nbsp;<a href=\"http:\/\/www.zdcimelice.cz\/\">www.zdcimelice.cz<\/a><\/p>\n\n\n\n<p><strong>Spr\u00e1va dru\u017estva:<\/strong><\/p>\n\n\n\n<p>Pevn\u00e1 linka: +420 382&nbsp;228 318<br>Mobiln\u00ed telefon: +420 739&nbsp;373 723<\/p>\n\n\n\n<p><strong>\u0158editel \u2013 Ji\u0159\u00ed Janota:<\/strong><\/p>\n\n\n\n<p>+420&nbsp;728&nbsp;500 493<\/p>\n\n\n\n<p><strong>Agronom \u2013 Petr Pavl\u00ed\u010dek:<\/strong><\/p>\n\n\n\n<p>+420&nbsp;739&nbsp;376 422<\/p>\n\n\n\n<p><strong>Zootechnik \u2013 Ing. Petr Teska:<\/strong><\/p>\n\n\n\n<p>+420&nbsp;606&nbsp;317 860<\/p>\n","protected":false},"excerpt":{"rendered":"<p>Adresa: Zem\u011bd\u011blsk\u00e9 dru\u017estvo \u010cimeliceRakovice 118398 04 \u010cimelice &nbsp;I\u010cO: 12895431 DI\u010c: CZ12895431 Dru\u017estvo je zapsan\u00e9 v&nbsp;obchodn\u00edm rejst\u0159\u00edku veden\u00e9m Krajsk\u00fdm soudem v&nbsp;\u010cesk\u00fdch Bud\u011bjovic\u00edch, odd\u00edl DrXXXXII, vlo\u017eka 16. Kontakty E-mail:&nbsp;zdcimelice@volny.cz Web:&nbsp;www.zdcimelice.cz Spr\u00e1va dru\u017estva: Pevn\u00e1 linka: +420 382&nbsp;228 318Mobiln\u00ed telefon: +420 739&nbsp;373 723 \u0158editel \u2013 Ji\u0159\u00ed Janota: +420&nbsp;728&nbsp;500 493 Agronom \u2013 Petr Pavl\u00ed\u010dek: +420&nbsp;739&nbsp;376 422 Zootechnik \u2013 Ing. Petr [&hellip;]<\/p>\n","protected":false},"author":1,"featured_media":0,"parent":0,"menu_order":0,"comment_status":"closed","ping_status":"closed","template":"","meta":{"footnotes":""},"class_list":["post-46","page","type-page","status-publish","hentry"],"_links":{"self":[{"href":"https:\/\/zdcimelice.cz\/index.php?rest_route=\/wp\/v2\/pages\/46","targetHints":{"allow":["GET"]}}],"collection":[{"href":"https:\/\/zdcimelice.cz\/index.php?rest_route=\/wp\/v2\/pages"}],"about":[{"href":"https:\/\/zdcimelice.cz\/index.php?rest_route=\/wp\/v2\/types\/page"}],"author":[{"embeddable":true,"href":"https:\/\/zdcimelice.cz\/index.php?rest_route=\/wp\/v2\/users\/1"}],"replies":[{"embeddable":true,"href":"https:\/\/zdcimelice.cz\/index.php?rest_route=%2Fwp%2Fv2%2Fcomments&post=46"}],"version-history":[{"count":3,"href":"https:\/\/zdcimelice.cz\/index.php?rest_route=\/wp\/v2\/pages\/46\/revisions"}],"predecessor-version":[{"id":50,"href":"https:\/\/zdcimelice.cz\/index.php?rest_route=\/wp\/v2\/pages\/46\/revisions\/50"}],"wp:attachment":[{"href":"https:\/\/zdcimelice.cz\/index.php?rest_route=%2Fwp%2Fv2%2Fmedia&parent=46"}],"curies":[{"name":"wp","href":"https:\/\/api.w.org\/{rel}","templated":true}]}}